{"id":408,"date":"2014-06-14T21:53:25","date_gmt":"2014-06-14T21:53:25","guid":{"rendered":"http:\/\/demo.audiotheme.com\/promenade\/?page_id=375"},"modified":"2024-03-11T21:45:54","modified_gmt":"2024-03-11T20:45:54","slug":"bio","status":"publish","type":"page","link":"https:\/\/commandantcoustou.com\/?page_id=408","title":{"rendered":"Bio"},"content":{"rendered":"<div class=\"page\" title=\"Page 1\">\n<div class=\"layoutArea\">\n<div class=\"column\">\n<h4><em>D&rsquo;i\u0302le en i\u0302le, le Commandant Coustou sillonne les mers du Sud et sonde les abysses a\u0300 la recherche de tre\u0301sors musicaux enfouis.<\/em><\/h4>\n<p>En 2014 cinq musiciens bien continentaux se rencontrent sur une presqu&rsquo;i\u0302le entre Rho\u0302ne et Sao\u0302ne pour donner vie a\u0300 un marin imaginaire: le Commandant Coustou. A\u0300 son bord ils de\u0301couvrent l&rsquo;incroyable creuset musical des Carai\u0308bes et dans un premier temps revisitent avec de\u0301lectation un re\u0301pertoire de calypsos trinidadiens d&rsquo;avant-guerre. L\u2019incroyable foisonnement des musiques afro-caribe\u0301ennes nourrit cet e\u0301quipage qui mettra biento\u0302t les voiles vers le son cubain, la biguine martiniquaise ou le twoubadou hai\u0308tien.<\/p>\n<\/div>\n<\/div>\n<\/div>\n\n\n<p>Apr\u00e8s pr\u00e8s de 10 ans d&rsquo;existence, deux albums et de nombreux concerts, l&rsquo;\u00e9quipage se dirige vers de nouveaux rivages imaginaires. Un archipel alchimique o\u00f9, comme dans la Cara\u00efbe, les influences se fondent les unes aux autres pour cr\u00e9er un nouvel horizon cara\u00efbesque: des compositions originales.<\/p>\n\n\n\n<h5 class=\"wp-block-heading alignfull has-text-align-center\"><em>Premier album Lyon Peninsula Calypso en 2015<\/em><\/h5>\n\n\n\n<h5 class=\"wp-block-heading alignfull has-text-align-center\"><em>S\u00e9lection r\u00e9gionale des musiques du monde 2016-2017 &#8211; CMTRA<\/em><\/h5>\n\n\n\n<h5 class=\"wp-block-heading alignfull has-text-align-center\"><em>Deuxi\u00e8me album Magnetic Islands en 2019<\/em><\/h5>\n\n\n\n<h2 class=\"wp-block-heading\">Line-up<\/h2>\n\n\n\n<p>Pierre Lamotte &#8211; chant lead, percussions, violon<\/p>\n\n\n\n<p>Vincent Levesque &#8211; contrebasse, ch\u0153urs<\/p>\n\n\n\n<p>Paul Wiel &#8211; guitares, tres cubano, banjo tenor, ch\u0153urs<\/p>\n\n\n\n<p>Paul Berard &#8211; percussions, ch\u0153urs<\/p>\n\n\n\n<p>Damien Elcock &#8211; batterie, ch\u0153urs<\/p>\n\n\n\n<h2 class=\"wp-block-heading\">Pack Promo<\/h2>\n\n\n\n<p>Retrouvez tous nos \u00e9l\u00e9ments de communication sur l&rsquo;<a href=\"https:\/\/www.commandantcoustou.com\/V1\/pros.html\">ancienne version de notre site<\/a>.<\/p>\n","protected":false},"excerpt":{"rendered":"<p>D&rsquo;i\u0302le en i\u0302le, le Commandant Coustou sillonne les mers du Sud et sonde les abysses a\u0300 la recherche de tre\u0301sors musicaux enfouis. En 2014 cinq musiciens bien continentaux se rencontrent sur une presqu&rsquo;i\u0302le entre Rho\u0302ne et Sao\u0302ne pour donner vie a\u0300 un marin imaginaire: le Commandant Coustou. A\u0300 son bord ils de\u0301couvrent l&rsquo;incroyable creuset musical [&hellip;]<\/p>\n","protected":false},"author":1,"featured_media":562,"parent":0,"menu_order":0,"comment_status":"closed","ping_status":"open","template":"","meta":{"footnotes":""},"class_list":["post-408","page","type-page","status-publish","has-post-thumbnail","hentry"],"jetpack_sharing_enabled":true,"_links":{"self":[{"href":"https:\/\/commandantcoustou.com\/index.php?rest_route=\/wp\/v2\/pages\/408","targetHints":{"allow":["GET"]}}],"collection":[{"href":"https:\/\/commandantcoustou.com\/index.php?rest_route=\/wp\/v2\/pages"}],"about":[{"href":"https:\/\/commandantcoustou.com\/index.php?rest_route=\/wp\/v2\/types\/page"}],"author":[{"embeddable":true,"href":"https:\/\/commandantcoustou.com\/index.php?rest_route=\/wp\/v2\/users\/1"}],"replies":[{"embeddable":true,"href":"https:\/\/commandantcoustou.com\/index.php?rest_route=%2Fwp%2Fv2%2Fcomments&post=408"}],"version-history":[{"count":8,"href":"https:\/\/commandantcoustou.com\/index.php?rest_route=\/wp\/v2\/pages\/408\/revisions"}],"predecessor-version":[{"id":563,"href":"https:\/\/commandantcoustou.com\/index.php?rest_route=\/wp\/v2\/pages\/408\/revisions\/563"}],"wp:featuredmedia":[{"embeddable":true,"href":"https:\/\/commandantcoustou.com\/index.php?rest_route=\/wp\/v2\/media\/562"}],"wp:attachment":[{"href":"https:\/\/commandantcoustou.com\/index.php?rest_route=%2Fwp%2Fv2%2Fmedia&parent=408"}],"curies":[{"name":"wp","href":"https:\/\/api.w.org\/{rel}","templated":true}]}}